{"id":50,"date":"2023-03-01T11:02:15","date_gmt":"2023-03-01T11:02:15","guid":{"rendered":"https:\/\/domaine-du-mont.fr\/?page_id=50"},"modified":"2024-02-08T10:24:27","modified_gmt":"2024-02-08T10:24:27","slug":"fourrage-bio","status":"publish","type":"page","link":"https:\/\/domaine-du-mont.fr\/?page_id=50","title":{"rendered":"Fourrage bio"},"content":{"rendered":"\n<p>Le fourrage r\u00e9colt\u00e9 et conditionn\u00e9 sur le domaine est produit sur des parcelles de prairie permanente, entretenues de mani\u00e8re bio-m\u00e9canique par le cheptel qui y p\u00e2ture tout au long de l&rsquo;ann\u00e9e. Les prairies du Mont ne sont soumises \u00e0 aucun traitement phytosanitaire.<\/p>\n\n\n\n<p>Tarif : 35 \u20ac la meule de 250 kg, 115cm de diam\u00e8tre. 8 \u20ac la botte de 15 kg.<\/p>\n\n\n\n<p>Dans la limite des stocks disponibles.<\/p>\n\n\n\n<p>Contact : 06-07-10-12-60<\/p>\n","protected":false},"excerpt":{"rendered":"<p>Le fourrage r\u00e9colt\u00e9 et conditionn\u00e9 sur le domaine est produit sur des parcelles de prairie permanente, entretenues de mani\u00e8re bio-m\u00e9canique [&hellip;]<\/p>\n","protected":false},"author":1,"featured_media":0,"parent":0,"menu_order":2,"comment_status":"closed","ping_status":"closed","template":"","meta":{"site-sidebar-layout":"default","site-content-layout":"","ast-site-content-layout":"default","site-content-style":"default","site-sidebar-style":"default","ast-global-header-display":"","ast-banner-title-visibility":"","ast-main-header-display":"","ast-hfb-above-header-display":"","ast-hfb-below-header-display":"","ast-hfb-mobile-header-display":"","site-post-title":"","ast-breadcrumbs-content":"","ast-featured-img":"","footer-sml-layout":"","ast-disable-related-posts":"","theme-transparent-header-meta":"","adv-header-id-meta":"","stick-header-meta":"","header-above-stick-meta":"","header-main-stick-meta":"","header-below-stick-meta":"","astra-migrate-meta-layouts":"default","ast-page-background-enabled":"default","ast-page-background-meta":{"desktop":{"background-color":"var(--ast-global-color-5)","background-image":"","background-repeat":"repeat","background-position":"center center","background-size":"auto","background-attachment":"scroll","background-type":"","background-media":"","overlay-type":"","overlay-color":"","overlay-opacity":"","overlay-gradient":""},"tablet":{"background-color":"","background-image":"","background-repeat":"repeat","background-position":"center center","background-size":"auto","background-attachment":"scroll","background-type":"","background-media":"","overlay-type":"","overlay-color":"","overlay-opacity":"","overlay-gradient":""},"mobile":{"background-color":"","background-image":"","background-repeat":"repeat","background-position":"center center","background-size":"auto","background-attachment":"scroll","background-type":"","background-media":"","overlay-type":"","overlay-color":"","overlay-opacity":"","overlay-gradient":""}},"ast-content-background-meta":{"desktop":{"background-color":"var(--ast-global-color-4)","background-image":"","background-repeat":"repeat","background-position":"center center","background-size":"auto","background-attachment":"scroll","background-type":"","background-media":"","overlay-type":"","overlay-color":"","overlay-opacity":"","overlay-gradient":""},"tablet":{"background-color":"var(--ast-global-color-4)","background-image":"","background-repeat":"repeat","background-position":"center center","background-size":"auto","background-attachment":"scroll","background-type":"","background-media":"","overlay-type":"","overlay-color":"","overlay-opacity":"","overlay-gradient":""},"mobile":{"background-color":"var(--ast-global-color-4)","background-image":"","background-repeat":"repeat","background-position":"center center","background-size":"auto","background-attachment":"scroll","background-type":"","background-media":"","overlay-type":"","overlay-color":"","overlay-opacity":"","overlay-gradient":""}},"footnotes":""},"class_list":["post-50","page","type-page","status-publish","hentry"],"_links":{"self":[{"href":"https:\/\/domaine-du-mont.fr\/index.php?rest_route=\/wp\/v2\/pages\/50","targetHints":{"allow":["GET"]}}],"collection":[{"href":"https:\/\/domaine-du-mont.fr\/index.php?rest_route=\/wp\/v2\/pages"}],"about":[{"href":"https:\/\/domaine-du-mont.fr\/index.php?rest_route=\/wp\/v2\/types\/page"}],"author":[{"embeddable":true,"href":"https:\/\/domaine-du-mont.fr\/index.php?rest_route=\/wp\/v2\/users\/1"}],"replies":[{"embeddable":true,"href":"https:\/\/domaine-du-mont.fr\/index.php?rest_route=%2Fwp%2Fv2%2Fcomments&post=50"}],"version-history":[{"count":4,"href":"https:\/\/domaine-du-mont.fr\/index.php?rest_route=\/wp\/v2\/pages\/50\/revisions"}],"predecessor-version":[{"id":185,"href":"https:\/\/domaine-du-mont.fr\/index.php?rest_route=\/wp\/v2\/pages\/50\/revisions\/185"}],"wp:attachment":[{"href":"https:\/\/domaine-du-mont.fr\/index.php?rest_route=%2Fwp%2Fv2%2Fmedia&parent=50"}],"curies":[{"name":"wp","href":"https:\/\/api.w.org\/{rel}","templated":true}]}}