{"id":238,"date":"2026-04-14T06:04:44","date_gmt":"2026-04-14T06:04:44","guid":{"rendered":"https:\/\/domaine-du-mont.fr\/?page_id=238"},"modified":"2026-04-14T18:57:53","modified_gmt":"2026-04-14T18:57:53","slug":"domaine-du-mont-2","status":"publish","type":"page","link":"https:\/\/domaine-du-mont.fr\/","title":{"rendered":"Domaine du Mont"},"content":{"rendered":"\n<figure class=\"wp-block-image aligncenter size-large\"><img loading=\"lazy\" decoding=\"async\" width=\"1024\" height=\"512\" src=\"http:\/\/domaine-du-mont.fr\/wp-content\/uploads\/2024\/02\/cropped-IMG_20230611_123815_233-1024x512.jpg\" alt=\"\" class=\"wp-image-199\" srcset=\"https:\/\/domaine-du-mont.fr\/wp-content\/uploads\/2024\/02\/cropped-IMG_20230611_123815_233-1024x512.jpg 1024w, https:\/\/domaine-du-mont.fr\/wp-content\/uploads\/2024\/02\/cropped-IMG_20230611_123815_233-300x150.jpg 300w, https:\/\/domaine-du-mont.fr\/wp-content\/uploads\/2024\/02\/cropped-IMG_20230611_123815_233-768x384.jpg 768w, https:\/\/domaine-du-mont.fr\/wp-content\/uploads\/2024\/02\/cropped-IMG_20230611_123815_233.jpg 1440w\" sizes=\"auto, (max-width: 1024px) 100vw, 1024px\" \/><\/figure>\n\n\n\n<p class=\"has-text-align-center has-black-color has-text-color\">Au sommet d\u2019une colline du Nord Dauphin\u00e9, le domaine du Mont surplombe et domine le village de Serm\u00e9rieu ; commune du Pays des Couleurs.<br>Habit\u00e9 durant 70 ans par Jean-Marie Desvignes, personnalit\u00e9 locale, \u00ab paysan-\u00e9crivain-po\u00e8te \u00bb, il est d\u00e9sormais le si\u00e8ge de l&rsquo;Entreprise Individuelle Agricole \u00ab Chic\u2019\u00e2nes &amp; cie \u00bb, dont l\u2019objectif est d\u2019assurer la pr\u00e9servation d\u2019une zone naturelle o\u00f9 se c\u00f4toient animaux domestiques et sauvages.<\/p>\n\n\n\n<p class=\"has-text-align-center has-black-color has-text-color\"><br>Au centre d\u2019une \u00e9tendue de 12 ha de prairies et de bosquets, dont 8 ha 75 consacr\u00e9s \u00e0 la production de fourrage, consomm\u00e9 en grande partie par les habitants des lieux, se tient une maison de ma\u00eetre du 19<sup>\u00e8me<\/sup> si\u00e8cle, typique du Dauphin\u00e9. Point de mire du chemin qui traverse une partie du domaine, elle arbore tous les \u00e9l\u00e9ments remarquables de ce genre de b\u00e2tisse : murs en pierres et pis\u00e9, coiff\u00e9s d\u2019une g\u00e9noise \u00e0 triple niveau ; toit cartusien \u00e0 quatre pans, orn\u00e9 de lucarnes jacobines et de poin\u00e7ons m\u00e9talliques servant d\u2019\u00e9tendard et de girouette ; perron de pierre, prot\u00e9g\u00e9 par une marquise de verre et fer forg\u00e9.<\/p>\n\n\n\n<p class=\"has-text-align-center has-black-color has-text-color\"><br>Confi\u00e9 par Jean-Marie Desvignes \u00e0 Pascal Bouchez, nouveau ma\u00eetre des lieux, pour qu\u2019il veille \u00e0 en conserver l\u2019identit\u00e9 agricole tout en s\u2019effor\u00e7ant de lui rendre son lustre d\u2019antan, le domaine du Mont jouit, par temps clair, d\u2019un panorama exceptionnel, des derniers contreforts du Jura aux premiers \u00e9paulements du Massif Central, en passant par le Mont Blanc, les massifs des Bauges, de la Chartreuse, de Belledonne, des Ecrins et du Vercors.<\/p>\n\n\n\n<figure class=\"wp-block-image aligncenter size-full is-resized\"><img loading=\"lazy\" decoding=\"async\" width=\"512\" height=\"512\" src=\"https:\/\/domaine-du-mont.fr\/wp-content\/uploads\/2026\/04\/image.png\" alt=\"\" class=\"wp-image-254\" style=\"width:238px;height:auto\" srcset=\"https:\/\/domaine-du-mont.fr\/wp-content\/uploads\/2026\/04\/image.png 512w, https:\/\/domaine-du-mont.fr\/wp-content\/uploads\/2026\/04\/image-300x300.png 300w, https:\/\/domaine-du-mont.fr\/wp-content\/uploads\/2026\/04\/image-150x150.png 150w\" sizes=\"auto, (max-width: 512px) 100vw, 512px\" \/><\/figure>\n","protected":false},"excerpt":{"rendered":"<p>Au sommet d\u2019une colline du Nord Dauphin\u00e9, le domaine du Mont surplombe et domine le village de Serm\u00e9rieu ; commune [&hellip;]<\/p>\n","protected":false},"author":1,"featured_media":0,"parent":0,"menu_order":0,"comment_status":"closed","ping_status":"closed","template":"","meta":{"site-sidebar-layout":"default","site-content-layout":"","ast-site-content-layout":"default","site-content-style":"default","site-sidebar-style":"default","ast-global-header-display":"","ast-banner-title-visibility":"","ast-main-header-display":"","ast-hfb-above-header-display":"","ast-hfb-below-header-display":"","ast-hfb-mobile-header-display":"","site-post-title":"disabled","ast-breadcrumbs-content":"","ast-featured-img":"","footer-sml-layout":"","ast-disable-related-posts":"","theme-transparent-header-meta":"","adv-header-id-meta":"","stick-header-meta":"","header-above-stick-meta":"","header-main-stick-meta":"","header-below-stick-meta":"","astra-migrate-meta-layouts":"default","ast-page-background-enabled":"default","ast-page-background-meta":{"desktop":{"background-color":"var(--ast-global-color-5)","background-image":"","background-repeat":"repeat","background-position":"center center","background-size":"auto","background-attachment":"scroll","background-type":"","background-media":"","overlay-type":"","overlay-color":"","overlay-opacity":"","overlay-gradient":""},"tablet":{"background-color":"","background-image":"","background-repeat":"repeat","background-position":"center center","background-size":"auto","background-attachment":"scroll","background-type":"","background-media":"","overlay-type":"","overlay-color":"","overlay-opacity":"","overlay-gradient":""},"mobile":{"background-color":"","background-image":"","background-repeat":"repeat","background-position":"center center","background-size":"auto","background-attachment":"scroll","background-type":"","background-media":"","overlay-type":"","overlay-color":"","overlay-opacity":"","overlay-gradient":""}},"ast-content-background-meta":{"desktop":{"background-color":"var(--ast-global-color-4)","background-image":"","background-repeat":"repeat","background-position":"center center","background-size":"auto","background-attachment":"scroll","background-type":"","background-media":"","overlay-type":"","overlay-color":"","overlay-opacity":"","overlay-gradient":""},"tablet":{"background-color":"var(--ast-global-color-4)","background-image":"","background-repeat":"repeat","background-position":"center center","background-size":"auto","background-attachment":"scroll","background-type":"","background-media":"","overlay-type":"","overlay-color":"","overlay-opacity":"","overlay-gradient":""},"mobile":{"background-color":"var(--ast-global-color-4)","background-image":"","background-repeat":"repeat","background-position":"center center","background-size":"auto","background-attachment":"scroll","background-type":"","background-media":"","overlay-type":"","overlay-color":"","overlay-opacity":"","overlay-gradient":""}},"footnotes":""},"class_list":["post-238","page","type-page","status-publish","hentry"],"_links":{"self":[{"href":"https:\/\/domaine-du-mont.fr\/index.php?rest_route=\/wp\/v2\/pages\/238","targetHints":{"allow":["GET"]}}],"collection":[{"href":"https:\/\/domaine-du-mont.fr\/index.php?rest_route=\/wp\/v2\/pages"}],"about":[{"href":"https:\/\/domaine-du-mont.fr\/index.php?rest_route=\/wp\/v2\/types\/page"}],"author":[{"embeddable":true,"href":"https:\/\/domaine-du-mont.fr\/index.php?rest_route=\/wp\/v2\/users\/1"}],"replies":[{"embeddable":true,"href":"https:\/\/domaine-du-mont.fr\/index.php?rest_route=%2Fwp%2Fv2%2Fcomments&post=238"}],"version-history":[{"count":9,"href":"https:\/\/domaine-du-mont.fr\/index.php?rest_route=\/wp\/v2\/pages\/238\/revisions"}],"predecessor-version":[{"id":260,"href":"https:\/\/domaine-du-mont.fr\/index.php?rest_route=\/wp\/v2\/pages\/238\/revisions\/260"}],"wp:attachment":[{"href":"https:\/\/domaine-du-mont.fr\/index.php?rest_route=%2Fwp%2Fv2%2Fmedia&parent=238"}],"curies":[{"name":"wp","href":"https:\/\/api.w.org\/{rel}","templated":true}]}}